{"id":1872,"date":"2026-02-09T15:45:34","date_gmt":"2026-02-09T14:45:34","guid":{"rendered":"http:\/\/wyszynskipiotr.pl\/?page_id=1872"},"modified":"2026-04-29T15:24:16","modified_gmt":"2026-04-29T13:24:16","slug":"moje-media","status":"publish","type":"page","link":"http:\/\/wyszynskipiotr.pl\/?page_id=1872","title":{"rendered":"MOJE MEDIA"},"content":{"rendered":"<div class=\"wp-block-image\">\n<figure class=\"aligncenter size-large is-resized\"><img loading=\"lazy\" decoding=\"async\" width=\"1024\" height=\"1024\" src=\"http:\/\/wyszynskipiotr.pl\/wp-content\/uploads\/2026\/01\/Bez-nazwy-Post-na-Facebooka-kwadrat-1024x1024.jpg\" alt=\"\" class=\"wp-image-1789\" style=\"width:236px;height:auto\" srcset=\"http:\/\/wyszynskipiotr.pl\/wp-content\/uploads\/2026\/01\/Bez-nazwy-Post-na-Facebooka-kwadrat-1024x1024.jpg 1024w, http:\/\/wyszynskipiotr.pl\/wp-content\/uploads\/2026\/01\/Bez-nazwy-Post-na-Facebooka-kwadrat-300x300.jpg 300w, http:\/\/wyszynskipiotr.pl\/wp-content\/uploads\/2026\/01\/Bez-nazwy-Post-na-Facebooka-kwadrat-150x150.jpg 150w, http:\/\/wyszynskipiotr.pl\/wp-content\/uploads\/2026\/01\/Bez-nazwy-Post-na-Facebooka-kwadrat-768x768.jpg 768w, http:\/\/wyszynskipiotr.pl\/wp-content\/uploads\/2026\/01\/Bez-nazwy-Post-na-Facebooka-kwadrat-80x80.jpg 80w, http:\/\/wyszynskipiotr.pl\/wp-content\/uploads\/2026\/01\/Bez-nazwy-Post-na-Facebooka-kwadrat-320x320.jpg 320w, http:\/\/wyszynskipiotr.pl\/wp-content\/uploads\/2026\/01\/Bez-nazwy-Post-na-Facebooka-kwadrat.jpg 1080w\" sizes=\"auto, (max-width: 1024px) 100vw, 1024px\" \/><\/figure>\n<\/div>\n\n\n<p><strong><a href=\"https:\/\/www.facebook.com\/powiattv\">Obywatelska Telewizja Internetowa POWIAT TV<\/a><\/strong><\/p>\n\n\n<div class=\"wp-block-image\">\n<figure class=\"aligncenter size-full is-resized\"><img loading=\"lazy\" decoding=\"async\" width=\"851\" height=\"315\" src=\"http:\/\/wyszynskipiotr.pl\/wp-content\/uploads\/2026\/04\/655915783_26033631339651804_7425507133388388221_n.jpg\" alt=\"\" class=\"wp-image-1946\" style=\"aspect-ratio:2.7018168863555396;width:651px;height:auto\" srcset=\"http:\/\/wyszynskipiotr.pl\/wp-content\/uploads\/2026\/04\/655915783_26033631339651804_7425507133388388221_n.jpg 851w, http:\/\/wyszynskipiotr.pl\/wp-content\/uploads\/2026\/04\/655915783_26033631339651804_7425507133388388221_n-300x111.jpg 300w, http:\/\/wyszynskipiotr.pl\/wp-content\/uploads\/2026\/04\/655915783_26033631339651804_7425507133388388221_n-768x284.jpg 768w\" sizes=\"auto, (max-width: 851px) 100vw, 851px\" \/><\/figure>\n<\/div>\n\n\n<p><strong><a href=\"http:\/\/powiatwwl.pl\/\">POWIAT WWL- Powiat Wo\u0142omi\u0144ski dla Mieszka\u0144c\u00f3w<\/a><\/strong><\/p>\n","protected":false},"excerpt":{"rendered":"<p>Obywatelska Telewizja Internetowa POWIAT TV POWIAT WWL- Powiat Wo\u0142omi\u0144ski dla Mieszka\u0144c\u00f3w<\/p>\n","protected":false},"author":1,"featured_media":0,"parent":0,"menu_order":0,"comment_status":"closed","ping_status":"closed","template":"","meta":{"footnotes":""},"class_list":["post-1872","page","type-page","status-publish","hentry"],"_links":{"self":[{"href":"http:\/\/wyszynskipiotr.pl\/index.php?rest_route=\/wp\/v2\/pages\/1872","targetHints":{"allow":["GET"]}}],"collection":[{"href":"http:\/\/wyszynskipiotr.pl\/index.php?rest_route=\/wp\/v2\/pages"}],"about":[{"href":"http:\/\/wyszynskipiotr.pl\/index.php?rest_route=\/wp\/v2\/types\/page"}],"author":[{"embeddable":true,"href":"http:\/\/wyszynskipiotr.pl\/index.php?rest_route=\/wp\/v2\/users\/1"}],"replies":[{"embeddable":true,"href":"http:\/\/wyszynskipiotr.pl\/index.php?rest_route=%2Fwp%2Fv2%2Fcomments&post=1872"}],"version-history":[{"count":7,"href":"http:\/\/wyszynskipiotr.pl\/index.php?rest_route=\/wp\/v2\/pages\/1872\/revisions"}],"predecessor-version":[{"id":1966,"href":"http:\/\/wyszynskipiotr.pl\/index.php?rest_route=\/wp\/v2\/pages\/1872\/revisions\/1966"}],"wp:attachment":[{"href":"http:\/\/wyszynskipiotr.pl\/index.php?rest_route=%2Fwp%2Fv2%2Fmedia&parent=1872"}],"curies":[{"name":"wp","href":"https:\/\/api.w.org\/{rel}","templated":true}]}}